{"id":2,"date":"2020-02-28T09:37:07","date_gmt":"2020-02-28T09:37:07","guid":{"rendered":"https:\/\/hollycurl.fr\/?page_id=2"},"modified":"2026-05-06T12:50:04","modified_gmt":"2026-05-06T10:50:04","slug":"salon-de-coiffure-afro","status":"publish","type":"page","link":"https:\/\/www.hollycurl.fr\/","title":{"rendered":"Salon de coiffure afro"},"content":{"rendered":"<h2 style=\"text-align: center;\"><a href=\"tel:07 49 40 77 69\">Salon de coiffure afro \u00e0 Noisy le Sec &#8211; <\/a><a href=\"tel:07 49 40 77 69\"><b><u>07 49 40 77 69 ou 06 58 36 83 81\u00a0<\/u><\/b><\/a><\/h2>\n<p><strong>Hollycurl Coiffure<\/strong> est un salon de coiffure afro <strong>sp\u00e9cialiste des cheveux textur\u00e9s<\/strong>, c&rsquo;est \u00e0 dire des <strong>cheveux cr\u00e9pus, boucl\u00e9s et fris\u00e9s<\/strong>. Votre nouvel espace de coiffure \u00e0 <strong>Noisy le Sec<\/strong> vous propose toutes les prestations comme les <strong>coupes des pointes<\/strong>, <strong>coupes entretien<\/strong>, <strong>coupes transformation<\/strong>, et diff\u00e9rents coiffages : <strong>blow out, brushing<\/strong>, <strong>silk press<\/strong>, coiffage des <strong>cheveux naturels, <a href=\"https:\/\/www.hollycurl.fr\/le-soin-profond-pour-les-cheveux-crepus\/\">soins profonds<\/a><\/strong>. Nous proposons aussi toutes les prestations techniques : <a href=\"https:\/\/www.hollycurl.fr\/curl-curly-ou-curly-hair-tout-savoir-coiffure-emblematique\/\"><strong>curl<\/strong><\/a>, <strong>d\u00e9frisage<\/strong>, <strong>wave<\/strong>, <a href=\"https:\/\/www.hollycurl.fr\/lissage-sts-design-essentials\/\"><strong>Soin assouplissant STS<\/strong><\/a>, <strong>colorations<\/strong>, <strong>m\u00e8ches<\/strong>, <strong>balayages<\/strong>. <a href=\"https:\/\/www.hollycurl.fr\/salon-specialiste-cheveux-textures\/\">D\u00e9couvrir le salon<\/a><\/p>\n<p style=\"text-align: center;\"><strong>Nouvelle prestation : <\/strong><strong><a href=\"https:\/\/www.hollycurl.fr\/lissage-sts-design-essentials\/\">le Soin assouplissant STS<\/a> (finition lisse ou finition naturelle),<\/strong><\/p>\n<p><a href=\"https:\/\/www.planity.com\/holly-curl-93130-noisy-le-sec\"><br \/>\nPrendre RDV<br \/>\n<\/a><\/p>\n<h2>Nos prestations coiffure<\/h2>\n<p>Une s\u00e9lection de quelques-unes des prestations r\u00e9alis\u00e9es au salon. Retrouvez plus de coiffures sur <a href=\"https:\/\/www.hollycurl.fr\/blog-hollycurl-coiffure-conseils-experts\/\">le blog<\/a>, notre <a href=\"https:\/\/www.facebook.com\/Hollycurlcoiffure\/\">page Facebook<\/a>, notre\u00a0<a href=\"https:\/\/www.instagram.com\/hollycurlcoiffure\/\">compte Instagram<\/a>. Nos coiffeuses exp\u00e9riment\u00e9es r\u00e9alisent toutes les prestations de coiffure aussi bien afro que europ\u00e9enne.<\/p>\n<p>Un diagnostic capillaire puis un devis vous sont propos\u00e9s avant chaque prestation et des conseils d&rsquo;entretien de vos cheveux, apr\u00e8s.<\/p>\n<figure><img decoding=\"async\" src=\"https:\/\/www.hollycurl.fr\/wp-content\/uploads\/2021\/07\/soin-lissant-sts-00x397-1.jpg\" alt=\"\" \/><\/figure>\n<figure><img decoding=\"async\" src=\"https:\/\/www.hollycurl.fr\/wp-content\/uploads\/2021\/07\/coupe-carre-mi-long-tie-and-dye-300x415-1.jpg\" alt=\"\" \/><\/figure>\n<figure><img decoding=\"async\" src=\"https:\/\/www.hollycurl.fr\/wp-content\/uploads\/2021\/07\/curl-300x400-1.jpg\" alt=\"\" \/><\/figure>\n<figure><img decoding=\"async\" src=\"https:\/\/www.hollycurl.fr\/wp-content\/uploads\/2020\/03\/femme-cheveux-boucles-naturels-curly-hair-400x528-1-227x300.jpg\" alt=\"Soin profond et bouclage \u00e0 l'aide de DK Rings\" \/><\/figure>\n<figure><img decoding=\"async\" src=\"https:\/\/www.hollycurl.fr\/wp-content\/uploads\/2020\/07\/coiffure-bouclage-fer-300x400-1-225x300.jpg\" alt=\"Bouclage au fer\" \/><\/figure>\n<figure><img decoding=\"async\" src=\"https:\/\/www.hollycurl.fr\/wp-content\/uploads\/2020\/10\/defrisage-300x366-1-246x300.jpg\" alt=\"Coupe et d\u00e9frisage salon de coiffure afro \u00e0 Noisy le Sec 93\" \/><\/figure>\n<figure><img decoding=\"async\" src=\"https:\/\/www.hollycurl.fr\/wp-content\/uploads\/2020\/07\/coupe-bouclage-fers-chauds-300x372-1-242x300.jpg\" alt=\"Coupe courte et coiffage aux fers\" \/><\/figure>\n<figure><img decoding=\"async\" src=\"https:\/\/www.hollycurl.fr\/wp-content\/uploads\/2020\/07\/redefinition-boucles-fingercoils-300x400-1-225x300.jpg\" alt=\"Red\u00e9finition des boucles avec la m\u00e9thode fingercoils\" \/><\/figure>\n<h3><a href=\"https:\/\/www.hollycurl.fr\/coiffure-afro-galerie-photos\/\">Plus de photos<\/a><\/h3>\n<h2>Venir au salon<\/h2>\n<p><img fetchpriority=\"high\" decoding=\"async\" src=\"https:\/\/www.hollycurl.fr\/wp-content\/uploads\/2020\/09\/salon-1-500x331-1.webp\" alt=\"Salon de coiffure afro Hollycurl\" width=\"500\" height=\"331\" \/><\/p>\n<p>Salon de coiffure afro situ\u00e9 \u00e0 la <strong>gare RER<\/strong> et <strong>Tram T1<\/strong> de <strong>Noisy le Sec<\/strong>, Seine Saint Denis . Vous acc\u00e9dez au salon en \u00e0 peine 1 minute \u00e0\u00a0 pied depuis la sortie de la gare. <a href=\"https:\/\/www.hollycurl.fr\/contact-salon-coiffure-noisy-le-sec-93\/\">Voir indications et plan<\/a><\/p>\n<p>Depuis <strong>Paris<\/strong> : le salon est \u00e0 15 mn de la gare <strong style=\"font-family: 'Helvetica Neue', Helvetica, Arial, sans-serif;\">Paris Magenta<\/strong> ou <strong style=\"font-family: 'Helvetica Neue', Helvetica, Arial, sans-serif;\">Rosa Parks<\/strong> et \u00e0 5mn de la Gare RER de <strong style=\"font-family: 'Helvetica Neue', Helvetica, Arial, sans-serif;\">Pantin<\/strong>.<\/p>\n<p>A proximit\u00e9 : le salon est \u00e0 1 station RER de <strong>Bondy<\/strong> ou de <strong>Rosny sous Bois<\/strong>. Depuis <strong>Bobigny<\/strong> vous acc\u00e9dez au salon avec le tram T1 depuis la station de <strong>m\u00e9tro Bobigny Pablo Picasso<\/strong>.<\/p>\n<p>Autres villes \u00e0 proximit\u00e9 : <strong>Villemomble<\/strong>, <strong>Pavillons sous Bois<\/strong> et <strong>Romainville<\/strong>.<\/p>\n<p style=\"text-align: center;\">Hollycurl : 12 avenue Gallieni 93130 Noisy le Sec &#8211; <a href=\"tel:0148470377\">01 48 47 03 77<\/a> ou 06 77 99 60 16 &#8211; <a href=\"https:\/\/www.hollycurl.fr\/prendre-rendez-vous-au-salon\/\">Tarifs des prestations<\/a><\/p>\n<h3>Retrouvons-nous sur les r\u00e9seaux sociaux<\/h3>\n<p><a href=\"https:\/\/www.facebook.com\/Hollycurlcoiffure\" target=\"_blank\" rel=\"noopener\"><br \/>\nFacebook<br \/>\n<\/a><br \/>\n<a href=\"https:\/\/www.instagram.com\/hollycurlcoiffure\/?hl=fr\" target=\"_blank\" rel=\"noopener\"><br \/>\nInstagram<br \/>\n<\/a><\/p>\n<h2>R\u00e9servez en ligne<\/h2>\n<p><a href=\"https:\/\/www.planity.com\/holly-curl-93130-noisy-le-sec\"><br \/>\nPrendre RDV<br \/>\n<\/a><\/p>\n","protected":false},"excerpt":{"rendered":"<p>Salon de coiffure afro \u00e0 Noisy le Sec &#8211; 07 49 40 77 69 ou 06 58 36 83 81\u00a0 Hollycurl Coiffure est un salon de coiffure afro sp\u00e9cialiste des cheveux textur\u00e9s, c&rsquo;est \u00e0 dire des cheveux cr\u00e9pus, boucl\u00e9s et fris\u00e9s. Votre nouvel espace de coiffure \u00e0 Noisy le Sec vous propose toutes les prestations [&hellip;]<\/p>\n","protected":false},"author":5,"featured_media":10,"parent":0,"menu_order":0,"comment_status":"closed","ping_status":"closed","template":"","meta":{"footnotes":""},"class_list":["post-2","page","type-page","status-publish","has-post-thumbnail","czr-hentry"],"yoast_head":"<!-- This site is optimized with the Yoast SEO plugin v26.2 - https:\/\/yoast.com\/wordpress\/plugins\/seo\/ -->\n<title>Salon de coiffure afro - Hollycurl Coiffure<\/title>\n<meta name=\"description\" content=\"Salon de coiffure afro sp\u00e9cialiste des cheveux cr\u00e9pus, fris\u00e9s, boucl\u00e9s. Une \u00e9quipe pro, des conseils experts. Au pied du Rer E Noisy le Sec.\" \/>\n<meta name=\"robots\" content=\"index, follow, max-snippet:-1, max-image-preview:large, max-video-preview:-1\" \/>\n<link rel=\"canonical\" href=\"https:\/\/www.hollycurl.fr\/\" \/>\n<meta property=\"og:locale\" content=\"fr_FR\" \/>\n<meta property=\"og:type\" content=\"article\" \/>\n<meta property=\"og:title\" content=\"Salon de coiffure afro - Hollycurl Coiffure\" \/>\n<meta property=\"og:description\" content=\"Salon de coiffure afro sp\u00e9cialiste des cheveux cr\u00e9pus, fris\u00e9s, boucl\u00e9s. Une \u00e9quipe pro, des conseils experts. Au pied du Rer E Noisy le Sec.\" \/>\n<meta property=\"og:url\" content=\"https:\/\/www.hollycurl.fr\/\" \/>\n<meta property=\"og:site_name\" content=\"Hollycurl Coiffure\" \/>\n<meta property=\"article:publisher\" content=\"https:\/\/www.facebook.com\/Hollycurlcoiffure\/\" \/>\n<meta property=\"article:modified_time\" content=\"2026-05-06T10:50:04+00:00\" \/>\n<meta property=\"og:image\" content=\"https:\/\/www.hollycurl.fr\/wp-content\/uploads\/2020\/02\/visuel-hollycurl-salon-coiffure-afro-420x378-1.jpg\" \/>\n\t<meta property=\"og:image:width\" content=\"420\" \/>\n\t<meta property=\"og:image:height\" content=\"378\" \/>\n\t<meta property=\"og:image:type\" content=\"image\/jpeg\" \/>\n<meta name=\"twitter:card\" content=\"summary_large_image\" \/>\n<meta name=\"twitter:label1\" content=\"Dur\u00e9e de lecture estim\u00e9e\" \/>\n\t<meta name=\"twitter:data1\" content=\"4 minutes\" \/>\n<script type=\"application\/ld+json\" class=\"yoast-schema-graph\">{\"@context\":\"https:\/\/schema.org\",\"@graph\":[{\"@type\":\"WebPage\",\"@id\":\"https:\/\/www.hollycurl.fr\/\",\"url\":\"https:\/\/www.hollycurl.fr\/\",\"name\":\"Salon de coiffure afro - Hollycurl Coiffure\",\"isPartOf\":{\"@id\":\"https:\/\/www.hollycurl.fr\/#website\"},\"primaryImageOfPage\":{\"@id\":\"https:\/\/www.hollycurl.fr\/#primaryimage\"},\"image\":{\"@id\":\"https:\/\/www.hollycurl.fr\/#primaryimage\"},\"thumbnailUrl\":\"https:\/\/www.hollycurl.fr\/wp-content\/uploads\/2020\/02\/visuel-hollycurl-salon-coiffure-afro-420x378-1.jpg\",\"datePublished\":\"2020-02-28T09:37:07+00:00\",\"dateModified\":\"2026-05-06T10:50:04+00:00\",\"description\":\"Salon de coiffure afro sp\u00e9cialiste des cheveux cr\u00e9pus, fris\u00e9s, boucl\u00e9s. Une \u00e9quipe pro, des conseils experts. Au pied du Rer E Noisy le Sec.\",\"breadcrumb\":{\"@id\":\"https:\/\/www.hollycurl.fr\/#breadcrumb\"},\"inLanguage\":\"fr-FR\",\"potentialAction\":[{\"@type\":\"ReadAction\",\"target\":[\"https:\/\/www.hollycurl.fr\/\"]}]},{\"@type\":\"ImageObject\",\"inLanguage\":\"fr-FR\",\"@id\":\"https:\/\/www.hollycurl.fr\/#primaryimage\",\"url\":\"https:\/\/www.hollycurl.fr\/wp-content\/uploads\/2020\/02\/visuel-hollycurl-salon-coiffure-afro-420x378-1.jpg\",\"contentUrl\":\"https:\/\/www.hollycurl.fr\/wp-content\/uploads\/2020\/02\/visuel-hollycurl-salon-coiffure-afro-420x378-1.jpg\",\"width\":420,\"height\":378,\"caption\":\"Hollycurl Coiffure salon de coiffure \u00e0 Noisy le Sec (93)\"},{\"@type\":\"BreadcrumbList\",\"@id\":\"https:\/\/www.hollycurl.fr\/#breadcrumb\",\"itemListElement\":[{\"@type\":\"ListItem\",\"position\":1,\"name\":\"Accueil\",\"item\":\"https:\/\/www.hollycurl.fr\/\"},{\"@type\":\"ListItem\",\"position\":2,\"name\":\"Salon de coiffure afro\"}]},{\"@type\":\"WebSite\",\"@id\":\"https:\/\/www.hollycurl.fr\/#website\",\"url\":\"https:\/\/www.hollycurl.fr\/\",\"name\":\"Hollycurl Coiffure\",\"description\":\"\",\"publisher\":{\"@id\":\"https:\/\/www.hollycurl.fr\/#organization\"},\"potentialAction\":[{\"@type\":\"SearchAction\",\"target\":{\"@type\":\"EntryPoint\",\"urlTemplate\":\"https:\/\/www.hollycurl.fr\/?s={search_term_string}\"},\"query-input\":{\"@type\":\"PropertyValueSpecification\",\"valueRequired\":true,\"valueName\":\"search_term_string\"}}],\"inLanguage\":\"fr-FR\"},{\"@type\":\"Organization\",\"@id\":\"https:\/\/www.hollycurl.fr\/#organization\",\"name\":\"Hollycurl Coiffure\",\"url\":\"https:\/\/www.hollycurl.fr\/\",\"logo\":{\"@type\":\"ImageObject\",\"inLanguage\":\"fr-FR\",\"@id\":\"https:\/\/www.hollycurl.fr\/#\/schema\/logo\/image\/\",\"url\":\"https:\/\/www.hollycurl.fr\/wp-content\/uploads\/2020\/02\/logo512x512-NOIR.png\",\"contentUrl\":\"https:\/\/www.hollycurl.fr\/wp-content\/uploads\/2020\/02\/logo512x512-NOIR.png\",\"width\":505,\"height\":506,\"caption\":\"Hollycurl Coiffure\"},\"image\":{\"@id\":\"https:\/\/www.hollycurl.fr\/#\/schema\/logo\/image\/\"},\"sameAs\":[\"https:\/\/www.facebook.com\/Hollycurlcoiffure\/\",\"https:\/\/www.instagram.com\/hollycurlcoiffure\/\"]}]}<\/script>\n<!-- \/ Yoast SEO plugin. -->","yoast_head_json":{"title":"Salon de coiffure afro - Hollycurl Coiffure","description":"Salon de coiffure afro sp\u00e9cialiste des cheveux cr\u00e9pus, fris\u00e9s, boucl\u00e9s. Une \u00e9quipe pro, des conseils experts. Au pied du Rer E Noisy le Sec.","robots":{"index":"index","follow":"follow","max-snippet":"max-snippet:-1","max-image-preview":"max-image-preview:large","max-video-preview":"max-video-preview:-1"},"canonical":"https:\/\/www.hollycurl.fr\/","og_locale":"fr_FR","og_type":"article","og_title":"Salon de coiffure afro - Hollycurl Coiffure","og_description":"Salon de coiffure afro sp\u00e9cialiste des cheveux cr\u00e9pus, fris\u00e9s, boucl\u00e9s. Une \u00e9quipe pro, des conseils experts. Au pied du Rer E Noisy le Sec.","og_url":"https:\/\/www.hollycurl.fr\/","og_site_name":"Hollycurl Coiffure","article_publisher":"https:\/\/www.facebook.com\/Hollycurlcoiffure\/","article_modified_time":"2026-05-06T10:50:04+00:00","og_image":[{"width":420,"height":378,"url":"https:\/\/www.hollycurl.fr\/wp-content\/uploads\/2020\/02\/visuel-hollycurl-salon-coiffure-afro-420x378-1.jpg","type":"image\/jpeg"}],"twitter_card":"summary_large_image","twitter_misc":{"Dur\u00e9e de lecture estim\u00e9e":"4 minutes"},"schema":{"@context":"https:\/\/schema.org","@graph":[{"@type":"WebPage","@id":"https:\/\/www.hollycurl.fr\/","url":"https:\/\/www.hollycurl.fr\/","name":"Salon de coiffure afro - Hollycurl Coiffure","isPartOf":{"@id":"https:\/\/www.hollycurl.fr\/#website"},"primaryImageOfPage":{"@id":"https:\/\/www.hollycurl.fr\/#primaryimage"},"image":{"@id":"https:\/\/www.hollycurl.fr\/#primaryimage"},"thumbnailUrl":"https:\/\/www.hollycurl.fr\/wp-content\/uploads\/2020\/02\/visuel-hollycurl-salon-coiffure-afro-420x378-1.jpg","datePublished":"2020-02-28T09:37:07+00:00","dateModified":"2026-05-06T10:50:04+00:00","description":"Salon de coiffure afro sp\u00e9cialiste des cheveux cr\u00e9pus, fris\u00e9s, boucl\u00e9s. Une \u00e9quipe pro, des conseils experts. Au pied du Rer E Noisy le Sec.","breadcrumb":{"@id":"https:\/\/www.hollycurl.fr\/#breadcrumb"},"inLanguage":"fr-FR","potentialAction":[{"@type":"ReadAction","target":["https:\/\/www.hollycurl.fr\/"]}]},{"@type":"ImageObject","inLanguage":"fr-FR","@id":"https:\/\/www.hollycurl.fr\/#primaryimage","url":"https:\/\/www.hollycurl.fr\/wp-content\/uploads\/2020\/02\/visuel-hollycurl-salon-coiffure-afro-420x378-1.jpg","contentUrl":"https:\/\/www.hollycurl.fr\/wp-content\/uploads\/2020\/02\/visuel-hollycurl-salon-coiffure-afro-420x378-1.jpg","width":420,"height":378,"caption":"Hollycurl Coiffure salon de coiffure \u00e0 Noisy le Sec (93)"},{"@type":"BreadcrumbList","@id":"https:\/\/www.hollycurl.fr\/#breadcrumb","itemListElement":[{"@type":"ListItem","position":1,"name":"Accueil","item":"https:\/\/www.hollycurl.fr\/"},{"@type":"ListItem","position":2,"name":"Salon de coiffure afro"}]},{"@type":"WebSite","@id":"https:\/\/www.hollycurl.fr\/#website","url":"https:\/\/www.hollycurl.fr\/","name":"Hollycurl Coiffure","description":"","publisher":{"@id":"https:\/\/www.hollycurl.fr\/#organization"},"potentialAction":[{"@type":"SearchAction","target":{"@type":"EntryPoint","urlTemplate":"https:\/\/www.hollycurl.fr\/?s={search_term_string}"},"query-input":{"@type":"PropertyValueSpecification","valueRequired":true,"valueName":"search_term_string"}}],"inLanguage":"fr-FR"},{"@type":"Organization","@id":"https:\/\/www.hollycurl.fr\/#organization","name":"Hollycurl Coiffure","url":"https:\/\/www.hollycurl.fr\/","logo":{"@type":"ImageObject","inLanguage":"fr-FR","@id":"https:\/\/www.hollycurl.fr\/#\/schema\/logo\/image\/","url":"https:\/\/www.hollycurl.fr\/wp-content\/uploads\/2020\/02\/logo512x512-NOIR.png","contentUrl":"https:\/\/www.hollycurl.fr\/wp-content\/uploads\/2020\/02\/logo512x512-NOIR.png","width":505,"height":506,"caption":"Hollycurl Coiffure"},"image":{"@id":"https:\/\/www.hollycurl.fr\/#\/schema\/logo\/image\/"},"sameAs":["https:\/\/www.facebook.com\/Hollycurlcoiffure\/","https:\/\/www.instagram.com\/hollycurlcoiffure\/"]}]}},"_links":{"self":[{"href":"https:\/\/www.hollycurl.fr\/index.php?rest_route=\/wp\/v2\/pages\/2","targetHints":{"allow":["GET"]}}],"collection":[{"href":"https:\/\/www.hollycurl.fr\/index.php?rest_route=\/wp\/v2\/pages"}],"about":[{"href":"https:\/\/www.hollycurl.fr\/index.php?rest_route=\/wp\/v2\/types\/page"}],"author":[{"embeddable":true,"href":"https:\/\/www.hollycurl.fr\/index.php?rest_route=\/wp\/v2\/users\/5"}],"replies":[{"embeddable":true,"href":"https:\/\/www.hollycurl.fr\/index.php?rest_route=%2Fwp%2Fv2%2Fcomments&post=2"}],"version-history":[{"count":162,"href":"https:\/\/www.hollycurl.fr\/index.php?rest_route=\/wp\/v2\/pages\/2\/revisions"}],"predecessor-version":[{"id":2370,"href":"https:\/\/www.hollycurl.fr\/index.php?rest_route=\/wp\/v2\/pages\/2\/revisions\/2370"}],"wp:featuredmedia":[{"embeddable":true,"href":"https:\/\/www.hollycurl.fr\/index.php?rest_route=\/wp\/v2\/media\/10"}],"wp:attachment":[{"href":"https:\/\/www.hollycurl.fr\/index.php?rest_route=%2Fwp%2Fv2%2Fmedia&parent=2"}],"curies":[{"name":"wp","href":"https:\/\/api.w.org\/{rel}","templated":true}]}}